{"id":207,"date":"2022-01-29T16:43:57","date_gmt":"2022-01-29T16:43:57","guid":{"rendered":"https:\/\/thomas-rueter-moebelwerkstatt.de\/home\/?page_id=207"},"modified":"2022-01-29T16:43:57","modified_gmt":"2022-01-29T16:43:57","slug":"impressum","status":"publish","type":"page","link":"https:\/\/thomas-rueter-moebelwerkstatt.de\/home\/impressum\/","title":{"rendered":"Impressum"},"content":{"rendered":"\n<p><strong>Impressum<\/strong><\/p>\n\n\n\n<p>Angaben gem. \u00a7 5 TMG:<br>Thomas, R\u00fcter<br>Bartelssaal 2b<br>22359 Hamburg<br><br>Kontaktaufnahme:<br>Telefon: 0160 155 60 69<br>E-Mail: info@thomas-rueter-moebelwerkstatt.de<\/p>\n\n\n\n<p><strong>Umsatzsteuer-ID<\/strong><br>Umsatzsteuer-Identifikationsnummer gem. \u00a7 27 a Umsatzsteuergesetz:<br>DE 217254307<\/p>\n\n\n\n<p><strong>Haftungsausschluss \u2013 Disclaimer:<\/strong><br>Haftung f\u00fcr Inhalte<\/p>\n\n\n\n<p>Alle Inhalte unseres Internetauftritts wurden mit gr\u00f6\u00dfter Sorgfalt und nach bestem Gewissen erstellt. F\u00fcr die Richtigkeit, Vollst\u00e4ndigkeit und Aktualit\u00e4t der Inhalte k\u00f6nnen wir jedoch keine Gew\u00e4hr \u00fcbernehmen. Als Diensteanbieter sind wir gem\u00e4\u00df \u00a7 7 Abs.1 TMG f\u00fcr eigene Inhalte auf diesen Seiten nach den allgemeinen Gesetzen verantwortlich. Nach \u00a7\u00a7 8 bis 10 TMG sind wir als Diensteanbieter jedoch nicht verpflichtet, \u00fcbermittelte oder gespeicherte fremde Informationen zu \u00fcberwachen oder nach Umst\u00e4nden zu forschen, die auf eine rechtswidrige T\u00e4tigkeit hinweisen. Verpflichtungen zur Entfernung oder Sperrung der Nutzung von Informationen nach den allgemeinen Gesetzen bleiben hiervon unber\u00fchrt.<\/p>\n\n\n\n<p>Eine diesbez\u00fcgliche Haftung ist jedoch erst ab dem Zeitpunkt der Kenntniserlangung einer konkreten Rechtsverletzung m\u00f6glich. Bei Bekanntwerden von den o.g. Rechtsverletzungen werden wir diese Inhalte unverz\u00fcglich entfernen.<\/p>\n\n\n\n<p><\/p>\n\n\n\n<p>Urheberrecht<\/p>\n\n\n\n<p>Die auf unserer Webseite ver\u00f6ffentlichen Inhalte und Werke unterliegen dem deutschen Urheberrecht (<a href=\"http:\/\/www.gesetze-im-internet.de\/bundesrecht\/urhg\/gesamt.pdf\" target=\"_blank\" rel=\"noreferrer noopener\">http:\/\/www.gesetze-im-internet.de\/bundesrecht\/urhg\/gesamt.pdf<\/a>) . Die Vervielf\u00e4ltigung, Bearbeitung, Verbreitung und jede Art der Verwertung des geistigen Eigentums in ideeller und materieller Sicht des Urhebers au\u00dferhalb der Grenzen des Urheberrechtes bed\u00fcrfen der vorherigen schriftlichen Zustimmung des jeweiligen Urhebers i.S.d. Urhebergesetzes (<a href=\"http:\/\/www.gesetze-im-internet.de\/bundesrecht\/urhg\/gesamt.pdf\" target=\"_blank\" rel=\"noreferrer noopener\">http:\/\/www.gesetze-im-internet.de\/bundesrecht\/urhg\/gesamt.pdf<\/a>&nbsp;). Downloads und Kopien dieser Seite sind nur f\u00fcr den privaten und nicht kommerziellen Gebrauch erlaubt. Sind die Inhalte auf unserer Webseite nicht von uns erstellt wurden, sind die Urheberrechte Dritter zu beachten. Die Inhalte Dritter werden als solche kenntlich gemacht. Sollten Sie trotzdem auf eine Urheberrechtsverletzung aufmerksam werden, bitten wir um einen entsprechenden Hinweis. Bei Bekanntwerden von Rechtsverletzungen werden wir derartige Inhalte unverz\u00fcglich entfernen.<\/p>\n","protected":false},"excerpt":{"rendered":"<p>Impressum Angaben gem. \u00a7 5 TMG:Thomas, R\u00fcterBartelssaal 2b22359 Hamburg Kontaktaufnahme:Telefon: 0160 155 60 69E-Mail: info@thomas-rueter-moebelwerkstatt.de Umsatzsteuer-IDUmsatzsteuer-Identifikationsnummer gem. \u00a7 27 a Umsatzsteuergesetz:DE 217254307 Haftungsausschluss \u2013 Disclaimer:Haftung f\u00fcr Inhalte Alle Inhalte unseres Internetauftritts wurden mit gr\u00f6\u00dfter Sorgfalt und nach bestem Gewissen erstellt. F\u00fcr die Richtigkeit, Vollst\u00e4ndigkeit und Aktualit\u00e4t der Inhalte k\u00f6nnen wir jedoch keine Gew\u00e4hr \u00fcbernehmen. Als [&hellip;]<\/p>\n","protected":false},"author":1,"featured_media":0,"parent":0,"menu_order":0,"comment_status":"closed","ping_status":"closed","template":"","meta":{"ngg_post_thumbnail":0,"ocean_post_layout":"","ocean_both_sidebars_style":"","ocean_both_sidebars_content_width":0,"ocean_both_sidebars_sidebars_width":0,"ocean_sidebar":"0","ocean_second_sidebar":"0","ocean_disable_margins":"enable","ocean_add_body_class":"","ocean_shortcode_before_top_bar":"","ocean_shortcode_after_top_bar":"","ocean_shortcode_before_header":"","ocean_shortcode_after_header":"","ocean_has_shortcode":"","ocean_shortcode_after_title":"","ocean_shortcode_before_footer_widgets":"","ocean_shortcode_after_footer_widgets":"","ocean_shortcode_before_footer_bottom":"","ocean_shortcode_after_footer_bottom":"","ocean_display_top_bar":"default","ocean_display_header":"default","ocean_header_style":"","ocean_center_header_left_menu":"0","ocean_custom_header_template":"0","ocean_custom_logo":0,"ocean_custom_retina_logo":0,"ocean_custom_logo_max_width":0,"ocean_custom_logo_tablet_max_width":0,"ocean_custom_logo_mobile_max_width":0,"ocean_custom_logo_max_height":0,"ocean_custom_logo_tablet_max_height":0,"ocean_custom_logo_mobile_max_height":0,"ocean_header_custom_menu":"0","ocean_menu_typo_font_family":"0","ocean_menu_typo_font_subset":"","ocean_menu_typo_font_size":0,"ocean_menu_typo_font_size_tablet":0,"ocean_menu_typo_font_size_mobile":0,"ocean_menu_typo_font_size_unit":"px","ocean_menu_typo_font_weight":"","ocean_menu_typo_font_weight_tablet":"","ocean_menu_typo_font_weight_mobile":"","ocean_menu_typo_transform":"","ocean_menu_typo_transform_tablet":"","ocean_menu_typo_transform_mobile":"","ocean_menu_typo_line_height":0,"ocean_menu_typo_line_height_tablet":0,"ocean_menu_typo_line_height_mobile":0,"ocean_menu_typo_line_height_unit":"","ocean_menu_typo_spacing":0,"ocean_menu_typo_spacing_tablet":0,"ocean_menu_typo_spacing_mobile":0,"ocean_menu_typo_spacing_unit":"","ocean_menu_link_color":"","ocean_menu_link_color_hover":"","ocean_menu_link_color_active":"","ocean_menu_link_background":"","ocean_menu_link_hover_background":"","ocean_menu_link_active_background":"","ocean_menu_social_links_bg":"","ocean_menu_social_hover_links_bg":"","ocean_menu_social_links_color":"","ocean_menu_social_hover_links_color":"","ocean_disable_title":"default","ocean_disable_heading":"default","ocean_post_title":"","ocean_post_subheading":"","ocean_post_title_style":"","ocean_post_title_background_color":"","ocean_post_title_background":0,"ocean_post_title_bg_image_position":"","ocean_post_title_bg_image_attachment":"","ocean_post_title_bg_image_repeat":"","ocean_post_title_bg_image_size":"","ocean_post_title_height":0,"ocean_post_title_bg_overlay":0.5,"ocean_post_title_bg_overlay_color":"","ocean_disable_breadcrumbs":"default","ocean_breadcrumbs_color":"","ocean_breadcrumbs_separator_color":"","ocean_breadcrumbs_links_color":"","ocean_breadcrumbs_links_hover_color":"","ocean_display_footer_widgets":"default","ocean_display_footer_bottom":"default","ocean_custom_footer_template":"0","footnotes":""},"class_list":["post-207","page","type-page","status-publish","hentry","entry"],"_links":{"self":[{"href":"https:\/\/thomas-rueter-moebelwerkstatt.de\/home\/wp-json\/wp\/v2\/pages\/207","targetHints":{"allow":["GET"]}}],"collection":[{"href":"https:\/\/thomas-rueter-moebelwerkstatt.de\/home\/wp-json\/wp\/v2\/pages"}],"about":[{"href":"https:\/\/thomas-rueter-moebelwerkstatt.de\/home\/wp-json\/wp\/v2\/types\/page"}],"author":[{"embeddable":true,"href":"https:\/\/thomas-rueter-moebelwerkstatt.de\/home\/wp-json\/wp\/v2\/users\/1"}],"replies":[{"embeddable":true,"href":"https:\/\/thomas-rueter-moebelwerkstatt.de\/home\/wp-json\/wp\/v2\/comments?post=207"}],"version-history":[{"count":2,"href":"https:\/\/thomas-rueter-moebelwerkstatt.de\/home\/wp-json\/wp\/v2\/pages\/207\/revisions"}],"predecessor-version":[{"id":209,"href":"https:\/\/thomas-rueter-moebelwerkstatt.de\/home\/wp-json\/wp\/v2\/pages\/207\/revisions\/209"}],"wp:attachment":[{"href":"https:\/\/thomas-rueter-moebelwerkstatt.de\/home\/wp-json\/wp\/v2\/media?parent=207"}],"curies":[{"name":"wp","href":"https:\/\/api.w.org\/{rel}","templated":true}]}}